{"id":3928,"date":"2021-08-06T10:40:32","date_gmt":"2021-08-06T14:40:32","guid":{"rendered":"https:\/\/elisebernier.ca\/our-surgeries\/reduction-mammaire\/"},"modified":"2022-06-09T22:32:11","modified_gmt":"2022-06-10T02:32:11","slug":"breast-reduction","status":"publish","type":"page","link":"https:\/\/elisebernier.ca\/en\/surgeries\/breast-reduction\/","title":{"rendered":"Breast Reduction"},"content":{"rendered":"<p>[et_pb_section fb_built=&#8221;1&#8243; specialty=&#8221;on&#8221; custom_padding_last_edited=&#8221;on|phone&#8221; bg_img_1=&#8221;https:\/\/elisebernier.ca\/wp-content\/uploads\/2021\/05\/Rectangle.png&#8221; background_size_1=&#8221;initial&#8221; background_repeat_1=&#8221;no-repeat&#8221; background_position_1=&#8221;bottom_left&#8221; padding_bottom_1=&#8221;40px&#8221; padding_left_1=&#8221;40px&#8221; padding_1_tablet=&#8221;|0px||0px|false|true&#8221; padding_1_phone=&#8221;|0px||0px|false|true&#8221; padding_1_last_edited=&#8221;on|phone&#8221; admin_label=&#8221;Header&#8221; _builder_version=&#8221;4.17.4&#8243; use_background_color_gradient=&#8221;on&#8221; background_color_gradient_stops=&#8221;rgba(255,255,255,0) 70%|#ffffff 100%&#8221; background_color_gradient_overlays_image=&#8221;on&#8221; background_color_gradient_start=&#8221;rgba(255,255,255,0)&#8221; background_color_gradient_start_position=&#8221;70%&#8221; background_color_gradient_end=&#8221;#ffffff&#8221; background_image=&#8221;https:\/\/elisebernier.ca\/wp-content\/uploads\/2021\/12\/FEATURED-REDUCTION-MAMMAIRE-2000x912px.jpg&#8221; inner_max_width=&#8221;1160px&#8221; custom_margin_tablet=&#8221;|0px||0px|false|true&#8221; custom_margin_phone=&#8221;|0px||0px|false|true&#8221; custom_margin_last_edited=&#8221;on|desktop&#8221; custom_padding=&#8221;10vw||||false&#8221; custom_padding_tablet=&#8221;30px|10px|30px|10px|true|true&#8221; custom_padding_phone=&#8221;20px|5px|20px|5px|true|true&#8221; background_last_edited=&#8221;on|phone&#8221; background_enable_image_tablet=&#8221;off&#8221; use_custom_width=&#8221;on&#8221; custom_width_px=&#8221;1160px&#8221; global_colors_info=&#8221;{}&#8221;][et_pb_column type=&#8221;2_3&#8243; specialty_columns=&#8221;2&#8243; _builder_version=&#8221;4.16&#8243; background_size=&#8221;initial&#8221; background_position=&#8221;bottom_left&#8221; custom_padding=&#8221;|||&#8221; global_colors_info=&#8221;{}&#8221; padding_bottom__hover=&#8221;40px&#8221; padding_left__hover=&#8221;40px&#8221; bg_img__hover=&#8221;https:\/\/elisebernier.ca\/wp-content\/uploads\/2021\/05\/Rectangle.png&#8221; parallax__hover=&#8221;off&#8221; parallax_method__hover=&#8221;on&#8221; background_size__hover=&#8221;initial&#8221; background_position__hover=&#8221;bottom_left&#8221; background_repeat__hover=&#8221;no-repeat&#8221; custom_padding__hover=&#8221;|||&#8221;][et_pb_row_inner custom_padding_last_edited=&#8221;on|tablet&#8221; _builder_version=&#8221;4.16&#8243; background_color=&#8221;#ffffff&#8221; use_background_color_gradient=&#8221;on&#8221; background_color_gradient_direction=&#8221;120deg&#8221; background_color_gradient_stops=&#8221;#ffffff 0%|#f2f2f2 100%&#8221; background_color_gradient_start=&#8221;#ffffff&#8221; background_color_gradient_end=&#8221;#f2f2f2&#8243; module_alignment=&#8221;right&#8221; custom_padding=&#8221;100px|50px|100px|50px|true|true&#8221; custom_padding_tablet=&#8221;80px|40px|80px|40px|true|true&#8221; custom_padding_phone=&#8221;60px|30px|60px|30px|true|true&#8221; animation_style=&#8221;fold&#8221; border_radii=&#8221;|60px||60px|&#8221; box_shadow_style=&#8221;preset2&#8243; box_shadow_horizontal=&#8221;40px&#8221; box_shadow_vertical=&#8221;40px&#8221; box_shadow_blur=&#8221;190px&#8221; box_shadow_color=&#8221;rgba(6,10,76,0.19)&#8221; locked=&#8221;off&#8221; global_colors_info=&#8221;{}&#8221;][et_pb_column_inner saved_specialty_column_type=&#8221;2_3&#8243; _builder_version=&#8221;4.16&#8243; custom_padding=&#8221;|||&#8221; global_colors_info=&#8221;{}&#8221; parallax__hover=&#8221;off&#8221; parallax_method__hover=&#8221;on&#8221; custom_padding__hover=&#8221;|||&#8221;][et_pb_text _builder_version=&#8221;4.16&#8243; text_font=&#8221;Work Sans||||||||&#8221; text_font_size=&#8221;20px&#8221; header_font=&#8221;|700|||||||&#8221; header_font_size=&#8221;55px&#8221; header_line_height=&#8221;1.2em&#8221; max_width_last_edited=&#8221;off|desktop&#8221; text_font_size_tablet=&#8221;18px&#8221; text_font_size_phone=&#8221;16px&#8221; text_font_size_last_edited=&#8221;on|phone&#8221; header_font_size_tablet=&#8221;40px&#8221; header_font_size_phone=&#8221;28px&#8221; header_font_size_last_edited=&#8221;on|phone&#8221; locked=&#8221;off&#8221; global_colors_info=&#8221;{}&#8221;]<\/p>\n<h1>Breast Reduction<\/h1>\n<p>[\/et_pb_text][et_pb_button button_url=&#8221;@ET-DC@eyJkeW5hbWljIjp0cnVlLCJjb250ZW50IjoicG9zdF9saW5rX3VybF9wYWdlIiwic2V0dGluZ3MiOnsicG9zdF9pZCI6IjI5NTQifX0=@&#8221; button_text=&#8221;Get an appointment&#8221; _builder_version=&#8221;4.16&#8243; _dynamic_attributes=&#8221;button_url&#8221; custom_button=&#8221;on&#8221; button_text_size=&#8221;16px&#8221; button_text_color=&#8221;#ffffff&#8221; button_bg_color=&#8221;#425381&#8243; button_border_width=&#8221;5px&#8221; button_border_color=&#8221;rgba(0,0,0,0)&#8221; button_border_radius=&#8221;5px&#8221; button_letter_spacing=&#8221;2px&#8221; button_font=&#8221;Work Sans|600||on|||||&#8221; button_use_icon=&#8221;off&#8221; custom_margin=&#8221;30px||&#8221; custom_padding=&#8221;10px|25px|10px|25px|true|true&#8221; locked=&#8221;off&#8221; global_colors_info=&#8221;{}&#8221; button_bg_color__hover_enabled=&#8221;on|hover&#8221; button_bg_color__hover=&#8221;#E02B20&#8243; button_bg_enable_color__hover=&#8221;on&#8221;][\/et_pb_button][\/et_pb_column_inner][\/et_pb_row_inner][\/et_pb_column][et_pb_column type=&#8221;1_3&#8243; _builder_version=&#8221;4.16&#8243; custom_padding=&#8221;|||&#8221; global_colors_info=&#8221;{}&#8221; parallax__hover=&#8221;off&#8221; parallax_method__hover=&#8221;on&#8221; custom_padding__hover=&#8221;|||&#8221;][\/et_pb_column][\/et_pb_section][et_pb_section fb_built=&#8221;1&#8243; _builder_version=&#8221;4.17.4&#8243; _module_preset=&#8221;default&#8221; width=&#8221;100%&#8221; module_alignment=&#8221;center&#8221; custom_margin_tablet=&#8221;|0px||0px|false|true&#8221; custom_margin_phone=&#8221;|0px||0px|false|true&#8221; custom_margin_last_edited=&#8221;on|tablet&#8221; custom_padding=&#8221;0px|0px|0px|0px|true|true&#8221; global_colors_info=&#8221;{}&#8221;][et_pb_row _builder_version=&#8221;4.17.4&#8243; _module_preset=&#8221;default&#8221; width=&#8221;100%&#8221; custom_margin=&#8221;0px|0px|0px|0px|true|true&#8221; custom_padding=&#8221;0px|0px|0px|0px|true|true&#8221; global_colors_info=&#8221;{}&#8221;][et_pb_column type=&#8221;4_4&#8243; _builder_version=&#8221;4.17.4&#8243; _module_preset=&#8221;default&#8221; custom_padding=&#8221;0px|0px|0px|0px|true|true&#8221; global_colors_info=&#8221;{}&#8221;][et_pb_image alt=&#8221;r\u00e9duction mammaire &#8211; Dre Elise Bernier&#8221; title_text=&#8221;FEATURED-REDUCTION-MAMMAIRE-2000x912px&#8221; align=&#8221;right&#8221; force_fullwidth=&#8221;on&#8221; src_tablet=&#8221;https:\/\/elisebernier.ca\/wp-content\/uploads\/2021\/12\/FEATURED-REDUCTION-MAMMAIRE-2000x912px.jpg&#8221; src_phone=&#8221;https:\/\/elisebernier.ca\/wp-content\/uploads\/2021\/12\/FEATURED-REDUCTION-MAMMAIRE-2000x912px.jpg&#8221; src_last_edited=&#8221;on|phone&#8221; disabled_on=&#8221;off|off|on&#8221; _builder_version=&#8221;4.17.4&#8243; _module_preset=&#8221;default&#8221; width_tablet=&#8221;100%&#8221; width_phone=&#8221;100%&#8221; width_last_edited=&#8221;on|tablet&#8221; custom_margin_tablet=&#8221;0px|0px|0px|0px|true|true&#8221; custom_margin_phone=&#8221;0px|0px|0px|0px|true|true&#8221; custom_margin_last_edited=&#8221;on|phone&#8221; custom_padding=&#8221;0px|0px|0px|0px|true|true&#8221; global_colors_info=&#8221;{}&#8221;][\/et_pb_image][\/et_pb_column][\/et_pb_row][\/et_pb_section][et_pb_section fb_built=&#8221;1&#8243; _builder_version=&#8221;4.17.4&#8243; _module_preset=&#8221;default&#8221; custom_margin_tablet=&#8221;&#8221; custom_margin_phone=&#8221;20px||||false|false&#8221; custom_margin_last_edited=&#8221;on|phone&#8221; custom_padding=&#8221;0px||0px||false|false&#8221; global_colors_info=&#8221;{}&#8221;][et_pb_row _builder_version=&#8221;4.16&#8243; _module_preset=&#8221;default&#8221; global_colors_info=&#8221;{}&#8221;][et_pb_column type=&#8221;4_4&#8243; _builder_version=&#8221;4.16&#8243; _module_preset=&#8221;default&#8221; global_colors_info=&#8221;{}&#8221;][et_pb_text _builder_version=&#8221;4.16&#8243; _module_preset=&#8221;default&#8221; global_colors_info=&#8221;{}&#8221;]<\/p>\n<p><span style=\"font-weight: 400;\">Breast reduction aims to remodel breasts and reduce their size. It brings relief from the pain caused to the back and shoulders by excessive weight. <\/span><\/p>\n<p><span style=\"font-weight: 400;\">Breast reduction consists of removing excess mammary tissue. Usually, there is excision of some skin and a portion of the breast, which results in a reduction and a lifting. <\/span><\/p>\n<p><span style=\"font-weight: 400;\">Although in use for several years, this procedure has undergone improvements with enhanced results. Sometimes, when a patient\u2019s breasts have elasticity and minimum sagging, it is preferable to resort to liposuction, thereby minimizing scarring. <\/span><\/p>\n<p><span style=\"font-weight: 400;\">The <\/span><i><span style=\"font-weight: 400;\">R\u00e9gie de l\u2019Assurance Maladie<\/span><\/i><span style=\"font-weight: 400;\"> of Quebec covers some reductions that cause functional disorders and that go beyond minimal weight. These procedures are performed by a surgeon in a hospital environment.<\/span><\/p>\n<p style=\"text-align: left;\">\u00a0<\/p>\n<p>[\/et_pb_text][\/et_pb_column][\/et_pb_row][et_pb_row _builder_version=&#8221;4.17.4&#8243; _module_preset=&#8221;default&#8221;][et_pb_column _builder_version=&#8221;4.17.4&#8243; _module_preset=&#8221;default&#8221; type=&#8221;4_4&#8243;][et_pb_code _builder_version=&#8221;4.17.4&#8243; _module_preset=&#8221;default&#8221; width=&#8221;50%&#8221; module_alignment=&#8221;center&#8221; hover_enabled=&#8221;0&#8243; sticky_enabled=&#8221;0&#8243;]<iframe loading=\"lazy\" src=\"https:\/\/player.understand.com\/elisebernier\/en\/b4d9716a-d5ff-4ec9-8d1a-931ad6997c9e\/adb745ed-6905-42f3-ab4e-181aef0c432a?pauseFirstStep=1\" border=\"0\" frameborder=\"0\" scrolling=\"no\" width=\"100%\" height=\"557\" allowfullscreen><\/iframe>[\/et_pb_code][\/et_pb_column][\/et_pb_row][\/et_pb_section]<\/p>\n","protected":false},"excerpt":{"rendered":"<p>Breast ReductionBreast reduction aims to remodel breasts and reduce their size. It brings relief from the pain caused to the back and shoulders by excessive weight. Breast reduction consists of removing excess mammary tissue. Usually, there is excision of some skin and a portion of the breast, which results in a reduction and a lifting. [&hellip;]<\/p>\n","protected":false},"author":7,"featured_media":4208,"parent":3912,"menu_order":0,"comment_status":"closed","ping_status":"closed","template":"","meta":{"_et_pb_use_builder":"on","_et_pb_old_content":"","_et_gb_content_width":""},"yoast_head":"<!-- This site is optimized with the Yoast SEO plugin v19.6.1 - https:\/\/yoast.com\/wordpress\/plugins\/seo\/ -->\n<title>Breast Reduction - Dr. Elise Bernier<\/title>\n<meta name=\"description\" content=\"Breast reduction is a surgery that aims to reduce the volume of the breasts to improve the functional disorders related to them.\" \/>\n<meta name=\"robots\" content=\"index, follow, max-snippet:-1, max-image-preview:large, max-video-preview:-1\" \/>\n<link rel=\"canonical\" href=\"https:\/\/elisebernier.ca\/en\/surgeries\/breast-reduction\/\" \/>\n<meta property=\"og:locale\" content=\"en_US\" \/>\n<meta property=\"og:type\" content=\"article\" \/>\n<meta property=\"og:title\" content=\"Breast Reduction - Dr. Elise Bernier\" \/>\n<meta property=\"og:description\" content=\"Breast reduction is a surgery that aims to reduce the volume of the breasts to improve the functional disorders related to them.\" \/>\n<meta property=\"og:url\" content=\"https:\/\/elisebernier.ca\/en\/surgeries\/breast-reduction\/\" \/>\n<meta property=\"og:site_name\" content=\"Dr. Elise Bernier\" \/>\n<meta property=\"article:publisher\" content=\"https:\/\/www.facebook.com\/drelisebernier\" \/>\n<meta property=\"article:modified_time\" content=\"2022-06-10T02:32:11+00:00\" \/>\n<meta property=\"og:image\" content=\"https:\/\/elisebernier.ca\/wp-content\/uploads\/2021\/12\/FEATURED-REDUCTION-MAMMAIRE-2000x912px.jpg\" \/>\n\t<meta property=\"og:image:width\" content=\"2000\" \/>\n\t<meta property=\"og:image:height\" content=\"912\" \/>\n\t<meta property=\"og:image:type\" content=\"image\/jpeg\" \/>\n<meta name=\"twitter:label1\" content=\"Est. reading time\" \/>\n\t<meta name=\"twitter:data1\" content=\"2 minutes\" \/>\n<script type=\"application\/ld+json\" class=\"yoast-schema-graph\">{\"@context\":\"https:\/\/schema.org\",\"@graph\":[{\"@type\":\"WebPage\",\"@id\":\"https:\/\/elisebernier.ca\/en\/surgeries\/breast-reduction\/\",\"url\":\"https:\/\/elisebernier.ca\/en\/surgeries\/breast-reduction\/\",\"name\":\"Breast Reduction - Dr. Elise Bernier\",\"isPartOf\":{\"@id\":\"https:\/\/elisebernier.ca\/#website\"},\"datePublished\":\"2021-08-06T14:40:32+00:00\",\"dateModified\":\"2022-06-10T02:32:11+00:00\",\"description\":\"Breast reduction is a surgery that aims to reduce the volume of the breasts to improve the functional disorders related to them.\",\"breadcrumb\":{\"@id\":\"https:\/\/elisebernier.ca\/en\/surgeries\/breast-reduction\/#breadcrumb\"},\"inLanguage\":\"en-CA\",\"potentialAction\":[{\"@type\":\"ReadAction\",\"target\":[\"https:\/\/elisebernier.ca\/en\/surgeries\/breast-reduction\/\"]}]},{\"@type\":\"BreadcrumbList\",\"@id\":\"https:\/\/elisebernier.ca\/en\/surgeries\/breast-reduction\/#breadcrumb\",\"itemListElement\":[{\"@type\":\"ListItem\",\"position\":1,\"name\":\"Home\",\"item\":\"https:\/\/elisebernier.ca\/en\/\"},{\"@type\":\"ListItem\",\"position\":2,\"name\":\"Our Surgeries\",\"item\":\"https:\/\/elisebernier.ca\/en\/surgeries\/\"},{\"@type\":\"ListItem\",\"position\":3,\"name\":\"Breast Reduction\"}]},{\"@type\":\"WebSite\",\"@id\":\"https:\/\/elisebernier.ca\/#website\",\"url\":\"https:\/\/elisebernier.ca\/\",\"name\":\"Dr. Elise Bernier\",\"description\":\"Centre de chirurgie et de m\u00e9decine esth\u00e9tique Dr. Elise Bernier\",\"publisher\":{\"@id\":\"https:\/\/elisebernier.ca\/#organization\"},\"potentialAction\":[{\"@type\":\"SearchAction\",\"target\":{\"@type\":\"EntryPoint\",\"urlTemplate\":\"https:\/\/elisebernier.ca\/?s={search_term_string}\"},\"query-input\":\"required name=search_term_string\"}],\"inLanguage\":\"en-CA\"},{\"@type\":\"Organization\",\"@id\":\"https:\/\/elisebernier.ca\/#organization\",\"name\":\"Centre de chirurgie et de m\u00e9decine esth\u00e9tique Dre \u00c9lise Bernier\",\"url\":\"https:\/\/elisebernier.ca\/\",\"sameAs\":[\"https:\/\/www.instagram.com\/dreelisebernier\/\",\"https:\/\/www.linkedin.com\/company\/centre-de-chirurgie-et-de-m\u00e9decine-esth\u00e9tique-dre-\u00e9lise-bernier\",\"https:\/\/www.youtube.com\/user\/docteureelisebernier\",\"https:\/\/www.facebook.com\/drelisebernier\"],\"logo\":{\"@type\":\"ImageObject\",\"inLanguage\":\"en-CA\",\"@id\":\"https:\/\/elisebernier.ca\/#\/schema\/logo\/image\/\",\"url\":\"https:\/\/elisebernier.ca\/wp-content\/uploads\/2018\/07\/Logo.jpg\",\"contentUrl\":\"https:\/\/elisebernier.ca\/wp-content\/uploads\/2018\/07\/Logo.jpg\",\"width\":900,\"height\":900,\"caption\":\"Centre de chirurgie et de m\u00e9decine esth\u00e9tique Dre \u00c9lise Bernier\"},\"image\":{\"@id\":\"https:\/\/elisebernier.ca\/#\/schema\/logo\/image\/\"}}]}<\/script>\n<!-- \/ Yoast SEO plugin. -->","yoast_head_json":{"title":"Breast Reduction - Dr. Elise Bernier","description":"Breast reduction is a surgery that aims to reduce the volume of the breasts to improve the functional disorders related to them.","robots":{"index":"index","follow":"follow","max-snippet":"max-snippet:-1","max-image-preview":"max-image-preview:large","max-video-preview":"max-video-preview:-1"},"canonical":"https:\/\/elisebernier.ca\/en\/surgeries\/breast-reduction\/","og_locale":"en_US","og_type":"article","og_title":"Breast Reduction - Dr. Elise Bernier","og_description":"Breast reduction is a surgery that aims to reduce the volume of the breasts to improve the functional disorders related to them.","og_url":"https:\/\/elisebernier.ca\/en\/surgeries\/breast-reduction\/","og_site_name":"Dr. Elise Bernier","article_publisher":"https:\/\/www.facebook.com\/drelisebernier","article_modified_time":"2022-06-10T02:32:11+00:00","og_image":[{"width":2000,"height":912,"url":"https:\/\/elisebernier.ca\/wp-content\/uploads\/2021\/12\/FEATURED-REDUCTION-MAMMAIRE-2000x912px.jpg","type":"image\/jpeg"}],"twitter_misc":{"Est. reading time":"2 minutes"},"schema":{"@context":"https:\/\/schema.org","@graph":[{"@type":"WebPage","@id":"https:\/\/elisebernier.ca\/en\/surgeries\/breast-reduction\/","url":"https:\/\/elisebernier.ca\/en\/surgeries\/breast-reduction\/","name":"Breast Reduction - Dr. Elise Bernier","isPartOf":{"@id":"https:\/\/elisebernier.ca\/#website"},"datePublished":"2021-08-06T14:40:32+00:00","dateModified":"2022-06-10T02:32:11+00:00","description":"Breast reduction is a surgery that aims to reduce the volume of the breasts to improve the functional disorders related to them.","breadcrumb":{"@id":"https:\/\/elisebernier.ca\/en\/surgeries\/breast-reduction\/#breadcrumb"},"inLanguage":"en-CA","potentialAction":[{"@type":"ReadAction","target":["https:\/\/elisebernier.ca\/en\/surgeries\/breast-reduction\/"]}]},{"@type":"BreadcrumbList","@id":"https:\/\/elisebernier.ca\/en\/surgeries\/breast-reduction\/#breadcrumb","itemListElement":[{"@type":"ListItem","position":1,"name":"Home","item":"https:\/\/elisebernier.ca\/en\/"},{"@type":"ListItem","position":2,"name":"Our Surgeries","item":"https:\/\/elisebernier.ca\/en\/surgeries\/"},{"@type":"ListItem","position":3,"name":"Breast Reduction"}]},{"@type":"WebSite","@id":"https:\/\/elisebernier.ca\/#website","url":"https:\/\/elisebernier.ca\/","name":"Dr. Elise Bernier","description":"Centre de chirurgie et de m\u00e9decine esth\u00e9tique Dr. Elise Bernier","publisher":{"@id":"https:\/\/elisebernier.ca\/#organization"},"potentialAction":[{"@type":"SearchAction","target":{"@type":"EntryPoint","urlTemplate":"https:\/\/elisebernier.ca\/?s={search_term_string}"},"query-input":"required name=search_term_string"}],"inLanguage":"en-CA"},{"@type":"Organization","@id":"https:\/\/elisebernier.ca\/#organization","name":"Centre de chirurgie et de m\u00e9decine esth\u00e9tique Dre \u00c9lise Bernier","url":"https:\/\/elisebernier.ca\/","sameAs":["https:\/\/www.instagram.com\/dreelisebernier\/","https:\/\/www.linkedin.com\/company\/centre-de-chirurgie-et-de-m\u00e9decine-esth\u00e9tique-dre-\u00e9lise-bernier","https:\/\/www.youtube.com\/user\/docteureelisebernier","https:\/\/www.facebook.com\/drelisebernier"],"logo":{"@type":"ImageObject","inLanguage":"en-CA","@id":"https:\/\/elisebernier.ca\/#\/schema\/logo\/image\/","url":"https:\/\/elisebernier.ca\/wp-content\/uploads\/2018\/07\/Logo.jpg","contentUrl":"https:\/\/elisebernier.ca\/wp-content\/uploads\/2018\/07\/Logo.jpg","width":900,"height":900,"caption":"Centre de chirurgie et de m\u00e9decine esth\u00e9tique Dre \u00c9lise Bernier"},"image":{"@id":"https:\/\/elisebernier.ca\/#\/schema\/logo\/image\/"}}]}},"_links":{"self":[{"href":"https:\/\/elisebernier.ca\/en\/wp-json\/wp\/v2\/pages\/3928"}],"collection":[{"href":"https:\/\/elisebernier.ca\/en\/wp-json\/wp\/v2\/pages"}],"about":[{"href":"https:\/\/elisebernier.ca\/en\/wp-json\/wp\/v2\/types\/page"}],"author":[{"embeddable":true,"href":"https:\/\/elisebernier.ca\/en\/wp-json\/wp\/v2\/users\/7"}],"replies":[{"embeddable":true,"href":"https:\/\/elisebernier.ca\/en\/wp-json\/wp\/v2\/comments?post=3928"}],"version-history":[{"count":11,"href":"https:\/\/elisebernier.ca\/en\/wp-json\/wp\/v2\/pages\/3928\/revisions"}],"predecessor-version":[{"id":5464,"href":"https:\/\/elisebernier.ca\/en\/wp-json\/wp\/v2\/pages\/3928\/revisions\/5464"}],"up":[{"embeddable":true,"href":"https:\/\/elisebernier.ca\/en\/wp-json\/wp\/v2\/pages\/3912"}],"wp:featuredmedia":[{"embeddable":true,"href":"https:\/\/elisebernier.ca\/en\/wp-json\/wp\/v2\/media\/4208"}],"wp:attachment":[{"href":"https:\/\/elisebernier.ca\/en\/wp-json\/wp\/v2\/media?parent=3928"}],"curies":[{"name":"wp","href":"https:\/\/api.w.org\/{rel}","templated":true}]}}