{"id":4479,"date":"2022-01-08T14:05:47","date_gmt":"2022-01-08T19:05:47","guid":{"rendered":"https:\/\/elisebernier.ca\/quality-commitment\/"},"modified":"2022-05-28T13:47:46","modified_gmt":"2022-05-28T17:47:46","slug":"quality-commitment","status":"publish","type":"page","link":"https:\/\/elisebernier.ca\/en\/quality-commitment\/","title":{"rendered":"Quality commitment"},"content":{"rendered":"\n[et_pb_section fb_built=&#8221;1&#8243; use_custom_gutter=&#8221;on&#8221; specialty=&#8221;on&#8221; padding_top_bottom_link_2=&#8221;false&#8221; padding_top_2=&#8221;250px&#8221; padding_right_2=&#8221;15vw&#8221; padding_left_2=&#8221;100px&#8221; padding_2_tablet=&#8221;80px|60px|80px|60px|true|true&#8221; padding_2_phone=&#8221;60px|50px|10px|50px|false|true&#8221; padding_2_last_edited=&#8221;on|desktop&#8221; admin_label=&#8221;Header&#8221; module_class=&#8221; et_pb_specialty_fullwidth&#8221; _builder_version=&#8221;4.10.7&#8243; background_size=&#8221;initial&#8221; background_position=&#8221;bottom_right&#8221; inner_width=&#8221;100%&#8221; inner_width_tablet=&#8221;100%&#8221; inner_width_phone=&#8221;&#8221; inner_width_last_edited=&#8221;on|desktop&#8221; inner_max_width=&#8221;100%&#8221; inner_max_width_tablet=&#8221;100%&#8221; inner_max_width_phone=&#8221;&#8221; inner_max_width_last_edited=&#8221;on|desktop&#8221; custom_padding=&#8221;0px|0px|0|0px|false|false&#8221; hover_enabled=&#8221;0&#8243; make_fullwidth=&#8221;on&#8221; global_colors_info=&#8221;{}&#8221; use_background_color_gradient__hover=&#8221;off&#8221; use_background_color_gradient__hover_enabled=&#8221;off&#8221; background_color_gradient_start__hover=&#8221;#2b87da&#8221; background_color_gradient_start__hover_enabled=&#8221;#2b87da&#8221; background_color_gradient_end__hover=&#8221;#29c4a9&#8243; background_color_gradient_end__hover_enabled=&#8221;#29c4a9&#8243; background_color_gradient_type__hover=&#8221;linear&#8221; background_color_gradient_type__hover_enabled=&#8221;linear&#8221; background_color_gradient_direction__hover=&#8221;180deg&#8221; background_color_gradient_direction__hover_enabled=&#8221;180deg&#8221; background_color_gradient_direction_radial__hover=&#8221;center&#8221; background_color_gradient_direction_radial__hover_enabled=&#8221;center&#8221; background_color_gradient_start_position__hover=&#8221;0%&#8221; background_color_gradient_start_position__hover_enabled=&#8221;0%&#8221; background_color_gradient_end_position__hover=&#8221;100%&#8221; background_color_gradient_end_position__hover_enabled=&#8221;100%&#8221; background_color_gradient_overlays_image__hover=&#8221;off&#8221; background_color_gradient_overlays_image__hover_enabled=&#8221;off&#8221; parallax__hover=&#8221;off&#8221; parallax__hover_enabled=&#8221;off&#8221; parallax_method__hover=&#8221;on&#8221; parallax_method__hover_enabled=&#8221;on&#8221; background_size__hover=&#8221;cover&#8221; background_size__hover_enabled=&#8221;cover&#8221; background_position__hover=&#8221;center&#8221; background_position__hover_enabled=&#8221;center&#8221; background_repeat__hover=&#8221;no-repeat&#8221; background_repeat__hover_enabled=&#8221;no-repeat&#8221; background_blend__hover=&#8221;normal&#8221; background_blend__hover_enabled=&#8221;normal&#8221; allow_player_pause__hover=&#8221;off&#8221; allow_player_pause__hover_enabled=&#8221;off&#8221; background_video_pause_outside_viewport__hover=&#8221;on&#8221; background_video_pause_outside_viewport__hover_enabled=&#8221;on&#8221; sticky_enabled=&#8221;0&#8243;][et_pb_column type=&#8221;1_2&#8243; specialty_columns=&#8221;2&#8243; _builder_version=&#8221;3.25&#8243; custom_padding=&#8221;|||&#8221; global_colors_info=&#8221;{}&#8221; parallax__hover=&#8221;off&#8221; parallax_method__hover=&#8221;on&#8221; custom_padding__hover=&#8221;|||&#8221;][et_pb_row_inner custom_padding_last_edited=&#8221;on|phone&#8221; _builder_version=&#8221;4.9.10&#8243; use_background_color_gradient=&#8221;on&#8221; background_color_gradient_start=&#8221;#425381&#8243; background_color_gradient_end=&#8221;rgba(42,63,201,0.77)&#8221; background_color_gradient_direction=&#8221;120deg&#8221; background_color_gradient_overlays_image=&#8221;on&#8221; background_image=&#8221;https:\/\/elisebernier.ca\/wp-content\/uploads\/2021\/06\/health-clinic-87.jpg&#8221; custom_padding=&#8221;10vw|100px|14vw|150px|false|false&#8221; custom_padding_tablet=&#8221;150px|60px|150px|60px|true|true&#8221; custom_padding_phone=&#8221;100px|50px|100px|50px|true|true&#8221; hover_enabled=&#8221;0&#8243; border_radii=&#8221;|||150px|&#8221; box_shadow_style=&#8221;preset3&#8243; box_shadow_vertical=&#8221;39px&#8221; box_shadow_blur=&#8221;200px&#8221; box_shadow_spread=&#8221;-40px&#8221; locked=&#8221;off&#8221; global_colors_info=&#8221;{}&#8221; sticky_enabled=&#8221;0&#8243;][et_pb_column_inner saved_specialty_column_type=&#8221;1_2&#8243; _builder_version=&#8221;4.9.10&#8243; custom_padding=&#8221;|||&#8221; global_colors_info=&#8221;{}&#8221; parallax__hover=&#8221;off&#8221; parallax_method__hover=&#8221;on&#8221; custom_padding__hover=&#8221;|||&#8221;][et_pb_text _builder_version=&#8221;4.14.7&#8243; text_font=&#8221;||||||||&#8221; text_font_size=&#8221;20px&#8221; header_font=&#8221;|700|||||||&#8221; header_font_size=&#8221;55px&#8221; header_line_height=&#8221;1.2em&#8221; background_layout=&#8221;dark&#8221; max_width=&#8221;583px&#8221; max_width_tablet=&#8221;&#8221; max_width_phone=&#8221;&#8221; max_width_last_edited=&#8221;on|desktop&#8221; custom_padding=&#8221;|0px||||&#8221; hover_enabled=&#8221;0&#8243; text_font_size_tablet=&#8221;18px&#8221; text_font_size_phone=&#8221;16px&#8221; text_font_size_last_edited=&#8221;on|phone&#8221; header_font_size_tablet=&#8221;40px&#8221; header_font_size_phone=&#8221;28px&#8221; header_font_size_last_edited=&#8221;on|phone&#8221; global_colors_info=&#8221;{}&#8221; sticky_enabled=&#8221;0&#8243;]<h1>Our Quality Commitment<\/h1>[\/et_pb_text][et_pb_button button_text=&#8221;Get an appointment&#8221; _builder_version=&#8221;4.14.7&#8243; custom_button=&#8221;on&#8221; button_text_size=&#8221;16px&#8221; button_text_color=&#8221;#ffffff&#8221; button_bg_color=&#8221;#5e89fb&#8221; button_border_width=&#8221;5px&#8221; button_border_color=&#8221;RGBA(0,0,0,0)&#8221; button_border_radius=&#8221;5px&#8221; button_letter_spacing=&#8221;2px&#8221; button_font=&#8221;|600||on|||||&#8221; button_use_icon=&#8221;off&#8221; custom_margin=&#8221;30px||&#8221; custom_padding=&#8221;10px|25px|10px|25px|true|true&#8221; hover_enabled=&#8221;0&#8243; global_colors_info=&#8221;{}&#8221; button_bg_color__hover_enabled=&#8221;on|hover&#8221; button_bg_color__hover=&#8221;#E02B20&#8243; button_bg_enable_color__hover=&#8221;on&#8221; button_url=&#8221;@ET-DC@eyJkeW5hbWljIjp0cnVlLCJjb250ZW50IjoicG9zdF9saW5rX3VybF9wYWdlIiwic2V0dGluZ3MiOnsicG9zdF9pZCI6IjM2NTQifX0=@&#8221; _dynamic_attributes=&#8221;button_url&#8221; sticky_enabled=&#8221;0&#8243;][\/et_pb_button][\/et_pb_column_inner][\/et_pb_row_inner][\/et_pb_column][et_pb_column type=&#8221;1_2&#8243; _builder_version=&#8221;3.25&#8243; custom_padding=&#8221;|||&#8221; global_colors_info=&#8221;{}&#8221; padding_phone__hover=&#8221;60px|50px||50px||true&#8221; padding_tablet__hover=&#8221;80px|60px|80px|60px|true|true&#8221; padding_last_edited__hover=&#8221;on|desktop&#8221; padding_left__hover=&#8221;100px&#8221; padding_right__hover=&#8221;15vw&#8221; padding_top__hover=&#8221;250px&#8221; parallax__hover=&#8221;off&#8221; parallax_method__hover=&#8221;on&#8221; padding_phone=&#8221;60px|50px||50px||true&#8221; padding_tablet=&#8221;80px|60px|80px|60px|true|true&#8221; padding_last_edited=&#8221;on|desktop&#8221; custom_padding__hover=&#8221;|||&#8221;][et_pb_text _builder_version=&#8221;4.14.7&#8243; text_font=&#8221;||||||||&#8221; text_font_size=&#8221;20px&#8221; text_letter_spacing=&#8221;1px&#8221; text_line_height=&#8221;1.2em&#8221; header_font=&#8221;||||||||&#8221; header_letter_spacing=&#8221;3px&#8221; header_line_height=&#8221;1.7em&#8221; header_2_font=&#8221;Work Sans|700|||||||&#8221; header_2_font_size=&#8221;40px&#8221; header_2_line_height=&#8221;1.4em&#8221; header_3_line_height=&#8221;1.4em&#8221; hover_enabled=&#8221;0&#8243; text_font_size_tablet=&#8221;16px&#8221; text_font_size_phone=&#8221;14px&#8221; text_font_size_last_edited=&#8221;on|phone&#8221; header_2_font_size_tablet=&#8221;30px&#8221; header_2_font_size_phone=&#8221;22px&#8221; header_2_font_size_last_edited=&#8221;on|phone&#8221; global_colors_info=&#8221;{}&#8221; header_font_size__hover=&#8221;30px&#8221; header_font_size__hover_enabled=&#8221;30px&#8221; header_letter_spacing__hover=&#8221;0px&#8221; header_letter_spacing__hover_enabled=&#8221;0px&#8221; header_text_shadow_style__hover=&#8221;none&#8221; header_text_shadow_style__hover_enabled=&#8221;none&#8221; header_text_shadow_color__hover=&#8221;rgba(0,0,0,0.4)&#8221; header_text_shadow_color__hover_enabled=&#8221;rgba(0,0,0,0.4)&#8221; text_font_size__hover=&#8221;14px&#8221; text_font_size__hover_enabled=&#8221;14px&#8221; text_letter_spacing__hover=&#8221;0px&#8221; text_letter_spacing__hover_enabled=&#8221;0px&#8221; text_line_height__hover=&#8221;1.7em&#8221; text_line_height__hover_enabled=&#8221;1.7em&#8221; text_text_shadow_style__hover=&#8221;none&#8221; text_text_shadow_style__hover_enabled=&#8221;none&#8221; text_text_shadow_color__hover=&#8221;rgba(0,0,0,0.4)&#8221; text_text_shadow_color__hover_enabled=&#8221;rgba(0,0,0,0.4)&#8221; link_font_size__hover=&#8221;14px&#8221; link_font_size__hover_enabled=&#8221;14px&#8221; link_letter_spacing__hover=&#8221;0px&#8221; link_letter_spacing__hover_enabled=&#8221;0px&#8221; link_line_height__hover=&#8221;1em&#8221; link_line_height__hover_enabled=&#8221;1em&#8221; link_text_shadow_style__hover=&#8221;none&#8221; link_text_shadow_style__hover_enabled=&#8221;none&#8221; link_text_shadow_color__hover=&#8221;rgba(0,0,0,0.4)&#8221; link_text_shadow_color__hover_enabled=&#8221;rgba(0,0,0,0.4)&#8221; ul_font_size__hover=&#8221;14px&#8221; ul_font_size__hover_enabled=&#8221;14px&#8221; ul_letter_spacing__hover=&#8221;0px&#8221; ul_letter_spacing__hover_enabled=&#8221;0px&#8221; ul_line_height__hover=&#8221;1em&#8221; ul_line_height__hover_enabled=&#8221;1em&#8221; ul_text_shadow_style__hover=&#8221;none&#8221; ul_text_shadow_style__hover_enabled=&#8221;none&#8221; ul_text_shadow_color__hover=&#8221;rgba(0,0,0,0.4)&#8221; ul_text_shadow_color__hover_enabled=&#8221;rgba(0,0,0,0.4)&#8221; ol_font_size__hover=&#8221;14px&#8221; ol_font_size__hover_enabled=&#8221;14px&#8221; ol_letter_spacing__hover=&#8221;0px&#8221; ol_letter_spacing__hover_enabled=&#8221;0px&#8221; ol_line_height__hover=&#8221;1em&#8221; ol_line_height__hover_enabled=&#8221;1em&#8221; ol_text_shadow_style__hover=&#8221;none&#8221; ol_text_shadow_style__hover_enabled=&#8221;none&#8221; ol_text_shadow_color__hover=&#8221;rgba(0,0,0,0.4)&#8221; ol_text_shadow_color__hover_enabled=&#8221;rgba(0,0,0,0.4)&#8221; quote_font_size__hover=&#8221;14px&#8221; quote_font_size__hover_enabled=&#8221;14px&#8221; quote_letter_spacing__hover=&#8221;0px&#8221; quote_letter_spacing__hover_enabled=&#8221;0px&#8221; quote_line_height__hover=&#8221;1em&#8221; quote_line_height__hover_enabled=&#8221;1em&#8221; quote_text_shadow_style__hover=&#8221;none&#8221; quote_text_shadow_style__hover_enabled=&#8221;none&#8221; quote_text_shadow_color__hover=&#8221;rgba(0,0,0,0.4)&#8221; quote_text_shadow_color__hover_enabled=&#8221;rgba(0,0,0,0.4)&#8221; text_orientation__hover=&#8221;left&#8221; text_orientation__hover_enabled=&#8221;left&#8221; background_layout__hover=&#8221;light&#8221; background_layout__hover_enabled=&#8221;light&#8221; max_width__hover=&#8221;100%&#8221; max_width__hover_enabled=&#8221;100%&#8221; header_2_font_size__hover=&#8221;26px&#8221; header_2_font_size__hover_enabled=&#8221;26px&#8221; header_2_letter_spacing__hover=&#8221;0px&#8221; header_2_letter_spacing__hover_enabled=&#8221;0px&#8221; header_2_line_height__hover=&#8221;1em&#8221; header_2_line_height__hover_enabled=&#8221;1em&#8221; header_2_text_shadow_style__hover=&#8221;none&#8221; header_2_text_shadow_style__hover_enabled=&#8221;none&#8221; header_2_text_shadow_color__hover=&#8221;rgba(0,0,0,0.4)&#8221; header_2_text_shadow_color__hover_enabled=&#8221;rgba(0,0,0,0.4)&#8221; custom_padding=&#8221;0px||||false|false&#8221; sticky_enabled=&#8221;0&#8243;]<p><span style=\"font-weight: 400;\">Our commitment to quality guides our actions and ensures our genuine concern with regard to the services offered, safety, comfort, quality of results, and the well-being of our patients.<\/span><\/p>[\/et_pb_text][\/et_pb_column][\/et_pb_section][et_pb_section fb_built=&#8221;1&#8243; _builder_version=&#8221;4.10.7&#8243; _module_preset=&#8221;default&#8221; custom_padding=&#8221;20px||||false|false&#8221; global_colors_info=&#8221;{}&#8221;][et_pb_row _builder_version=&#8221;4.9.10&#8243; _module_preset=&#8221;default&#8221; global_colors_info=&#8221;{}&#8221;][et_pb_column type=&#8221;4_4&#8243; _builder_version=&#8221;4.9.10&#8243; _module_preset=&#8221;default&#8221; global_colors_info=&#8221;{}&#8221;][et_pb_text _builder_version=&#8221;4.13.1&#8243; _module_preset=&#8221;default&#8221; global_colors_info=&#8221;{}&#8221;]<h2><span style=\"font-weight: 400;\">Our priorities are:<\/span><\/h2>\n<ul>\n<li style=\"font-weight: 400;\" aria-level=\"1\"><span style=\"font-weight: 400;\">sharing\u00a0 our reflection<\/span><\/li>\n<li style=\"font-weight: 400;\" aria-level=\"1\"><span style=\"font-weight: 400;\">always questioning ourselves<\/span><\/li>\n<li style=\"font-weight: 400;\" aria-level=\"1\"><span style=\"font-weight: 400;\">investing ourselves entirely in achieving our &#8220;aesthetic mission&#8221; and the physical and psychological well-being of those who consult us with honesty, respect, integrity, know-how, and the search for excellence<\/span><\/li>\n<li style=\"font-weight: 400;\" aria-level=\"1\"><span style=\"font-weight: 400;\">whether they are nurses, technicians, secretaries, receptionists, coordinators, concierges, all our staff are mobilized, trained, supported, valued, and share this desire to promote and ensure high quality and adapted safe care and services to the needs and expectations of our patients.<\/span><\/li>\n<\/ul>\n<p><span style=\"font-weight: 400;\">The management of financial and material resources is relevant and efficient while considering the needs of staff and clients and the strategic orientations of our clinic. Any improvement involving development, the Dr. \u00c9lise Bernier Surgery and Aesthetic Medicine Center will strive to promote this quality research by:<\/span><\/p>\n<ul>\n<li style=\"font-weight: 400;\" aria-level=\"1\"><span style=\"font-weight: 400;\">We are supporting the use of best and least invasive practices.<\/span><\/li>\n<li style=\"font-weight: 400;\" aria-level=\"1\"><span style=\"font-weight: 400;\">We are promoting innovation.<\/span><\/li>\n<li style=\"font-weight: 400;\" aria-level=\"1\"><span style=\"font-weight: 400;\">We are respecting established standards, reference frameworks, as well as impeccable ethics.<\/span><\/li>\n<li style=\"font-weight: 400;\" aria-level=\"1\"><span style=\"font-weight: 400;\">We are encouraging the development of our staff&#8217;s skills, abilities, initiatives, personal talents, and creativity.<\/span><\/li>\n<\/ul>\n<p><span style=\"font-weight: 400;\">Objectively, the medical director ensures that this commitment is respected by promoting the pursuit of the highest quality standards resulting in:<\/span><\/p>\n<ul>\n<li style=\"font-weight: 400;\" aria-level=\"1\"><span style=\"font-weight: 400;\">establishment of quality and safety bodies<\/span><\/li>\n<li style=\"font-weight: 400;\" aria-level=\"1\"><span style=\"font-weight: 400;\">integrating quality into all of our orientations<\/span><\/li>\n<li style=\"font-weight: 400;\" aria-level=\"1\"><span style=\"font-weight: 400;\">establishment of the necessary quality and safety resources and their efficient use<\/span><\/li>\n<li style=\"font-weight: 400;\" aria-level=\"1\"><span style=\"font-weight: 400;\">installation of control and monitoring measures<\/span><\/li>\n<li style=\"font-weight: 400;\" aria-level=\"1\"><span style=\"font-weight: 400;\">insertion of quality indicators for these same actions<\/span><\/li>\n<\/ul>[\/et_pb_text][\/et_pb_column][\/et_pb_row][\/et_pb_section]\n","protected":false},"excerpt":{"rendered":"<p>Our Quality CommitmentOur commitment to quality guides our actions and ensures our genuine concern with regard to the services offered, safety, comfort, quality of results, and the well-being of our patients.Our priorities are: sharing\u00a0 our reflection always questioning ourselves investing ourselves entirely in achieving our &#8220;aesthetic mission&#8221; and the physical and psychological well-being of those [&hellip;]<\/p>\n","protected":false},"author":7,"featured_media":1193,"parent":0,"menu_order":0,"comment_status":"closed","ping_status":"closed","template":"","meta":{"_et_pb_use_builder":"on","_et_pb_old_content":"","_et_gb_content_width":""},"yoast_head":"<!-- This site is optimized with the Yoast SEO plugin v19.6.1 - https:\/\/yoast.com\/wordpress\/plugins\/seo\/ -->\n<title>Quality commitment - Dr Elise Bernier<\/title>\n<meta name=\"description\" content=\"Our commitment to quality directs our actions and ensures our concern for the safety, comfort and quality of the services we offer.\" \/>\n<meta name=\"robots\" content=\"index, follow, max-snippet:-1, max-image-preview:large, max-video-preview:-1\" \/>\n<link rel=\"canonical\" href=\"https:\/\/elisebernier.ca\/en\/quality-commitment\/\" \/>\n<meta property=\"og:locale\" content=\"en_US\" \/>\n<meta property=\"og:type\" content=\"article\" \/>\n<meta property=\"og:title\" content=\"Quality commitment - Dr Elise Bernier\" \/>\n<meta property=\"og:description\" content=\"Our commitment to quality directs our actions and ensures our concern for the safety, comfort and quality of the services we offer.\" \/>\n<meta property=\"og:url\" content=\"https:\/\/elisebernier.ca\/en\/quality-commitment\/\" \/>\n<meta property=\"og:site_name\" content=\"Dr. Elise Bernier\" \/>\n<meta property=\"article:publisher\" content=\"https:\/\/www.facebook.com\/drelisebernier\" \/>\n<meta property=\"article:modified_time\" content=\"2022-05-28T17:47:46+00:00\" \/>\n<meta property=\"og:image\" content=\"https:\/\/elisebernier.ca\/wp-content\/uploads\/2014\/04\/bg_cinique.jpg\" \/>\n\t<meta property=\"og:image:width\" content=\"1984\" \/>\n\t<meta property=\"og:image:height\" content=\"1693\" \/>\n\t<meta property=\"og:image:type\" content=\"image\/jpeg\" \/>\n<meta name=\"twitter:label1\" content=\"Est. reading time\" \/>\n\t<meta name=\"twitter:data1\" content=\"3 minutes\" \/>\n<script type=\"application\/ld+json\" class=\"yoast-schema-graph\">{\"@context\":\"https:\/\/schema.org\",\"@graph\":[{\"@type\":\"WebPage\",\"@id\":\"https:\/\/elisebernier.ca\/en\/quality-commitment\/\",\"url\":\"https:\/\/elisebernier.ca\/en\/quality-commitment\/\",\"name\":\"Quality commitment - Dr Elise Bernier\",\"isPartOf\":{\"@id\":\"https:\/\/elisebernier.ca\/#website\"},\"datePublished\":\"2022-01-08T19:05:47+00:00\",\"dateModified\":\"2022-05-28T17:47:46+00:00\",\"description\":\"Our commitment to quality directs our actions and ensures our concern for the safety, comfort and quality of the services we offer.\",\"breadcrumb\":{\"@id\":\"https:\/\/elisebernier.ca\/en\/quality-commitment\/#breadcrumb\"},\"inLanguage\":\"en-CA\",\"potentialAction\":[{\"@type\":\"ReadAction\",\"target\":[\"https:\/\/elisebernier.ca\/en\/quality-commitment\/\"]}]},{\"@type\":\"BreadcrumbList\",\"@id\":\"https:\/\/elisebernier.ca\/en\/quality-commitment\/#breadcrumb\",\"itemListElement\":[{\"@type\":\"ListItem\",\"position\":1,\"name\":\"Home\",\"item\":\"https:\/\/elisebernier.ca\/en\/\"},{\"@type\":\"ListItem\",\"position\":2,\"name\":\"Quality commitment\"}]},{\"@type\":\"WebSite\",\"@id\":\"https:\/\/elisebernier.ca\/#website\",\"url\":\"https:\/\/elisebernier.ca\/\",\"name\":\"Dr. Elise Bernier\",\"description\":\"Centre de chirurgie et de m\u00e9decine esth\u00e9tique Dr. Elise Bernier\",\"publisher\":{\"@id\":\"https:\/\/elisebernier.ca\/#organization\"},\"potentialAction\":[{\"@type\":\"SearchAction\",\"target\":{\"@type\":\"EntryPoint\",\"urlTemplate\":\"https:\/\/elisebernier.ca\/?s={search_term_string}\"},\"query-input\":\"required name=search_term_string\"}],\"inLanguage\":\"en-CA\"},{\"@type\":\"Organization\",\"@id\":\"https:\/\/elisebernier.ca\/#organization\",\"name\":\"Centre de chirurgie et de m\u00e9decine esth\u00e9tique Dre \u00c9lise Bernier\",\"url\":\"https:\/\/elisebernier.ca\/\",\"sameAs\":[\"https:\/\/www.instagram.com\/dreelisebernier\/\",\"https:\/\/www.linkedin.com\/company\/centre-de-chirurgie-et-de-m\u00e9decine-esth\u00e9tique-dre-\u00e9lise-bernier\",\"https:\/\/www.youtube.com\/user\/docteureelisebernier\",\"https:\/\/www.facebook.com\/drelisebernier\"],\"logo\":{\"@type\":\"ImageObject\",\"inLanguage\":\"en-CA\",\"@id\":\"https:\/\/elisebernier.ca\/#\/schema\/logo\/image\/\",\"url\":\"https:\/\/elisebernier.ca\/wp-content\/uploads\/2018\/07\/Logo.jpg\",\"contentUrl\":\"https:\/\/elisebernier.ca\/wp-content\/uploads\/2018\/07\/Logo.jpg\",\"width\":900,\"height\":900,\"caption\":\"Centre de chirurgie et de m\u00e9decine esth\u00e9tique Dre \u00c9lise Bernier\"},\"image\":{\"@id\":\"https:\/\/elisebernier.ca\/#\/schema\/logo\/image\/\"}}]}<\/script>\n<!-- \/ Yoast SEO plugin. -->","yoast_head_json":{"title":"Quality commitment - Dr Elise Bernier","description":"Our commitment to quality directs our actions and ensures our concern for the safety, comfort and quality of the services we offer.","robots":{"index":"index","follow":"follow","max-snippet":"max-snippet:-1","max-image-preview":"max-image-preview:large","max-video-preview":"max-video-preview:-1"},"canonical":"https:\/\/elisebernier.ca\/en\/quality-commitment\/","og_locale":"en_US","og_type":"article","og_title":"Quality commitment - Dr Elise Bernier","og_description":"Our commitment to quality directs our actions and ensures our concern for the safety, comfort and quality of the services we offer.","og_url":"https:\/\/elisebernier.ca\/en\/quality-commitment\/","og_site_name":"Dr. Elise Bernier","article_publisher":"https:\/\/www.facebook.com\/drelisebernier","article_modified_time":"2022-05-28T17:47:46+00:00","og_image":[{"width":1984,"height":1693,"url":"https:\/\/elisebernier.ca\/wp-content\/uploads\/2014\/04\/bg_cinique.jpg","type":"image\/jpeg"}],"twitter_misc":{"Est. reading time":"3 minutes"},"schema":{"@context":"https:\/\/schema.org","@graph":[{"@type":"WebPage","@id":"https:\/\/elisebernier.ca\/en\/quality-commitment\/","url":"https:\/\/elisebernier.ca\/en\/quality-commitment\/","name":"Quality commitment - Dr Elise Bernier","isPartOf":{"@id":"https:\/\/elisebernier.ca\/#website"},"datePublished":"2022-01-08T19:05:47+00:00","dateModified":"2022-05-28T17:47:46+00:00","description":"Our commitment to quality directs our actions and ensures our concern for the safety, comfort and quality of the services we offer.","breadcrumb":{"@id":"https:\/\/elisebernier.ca\/en\/quality-commitment\/#breadcrumb"},"inLanguage":"en-CA","potentialAction":[{"@type":"ReadAction","target":["https:\/\/elisebernier.ca\/en\/quality-commitment\/"]}]},{"@type":"BreadcrumbList","@id":"https:\/\/elisebernier.ca\/en\/quality-commitment\/#breadcrumb","itemListElement":[{"@type":"ListItem","position":1,"name":"Home","item":"https:\/\/elisebernier.ca\/en\/"},{"@type":"ListItem","position":2,"name":"Quality commitment"}]},{"@type":"WebSite","@id":"https:\/\/elisebernier.ca\/#website","url":"https:\/\/elisebernier.ca\/","name":"Dr. Elise Bernier","description":"Centre de chirurgie et de m\u00e9decine esth\u00e9tique Dr. Elise Bernier","publisher":{"@id":"https:\/\/elisebernier.ca\/#organization"},"potentialAction":[{"@type":"SearchAction","target":{"@type":"EntryPoint","urlTemplate":"https:\/\/elisebernier.ca\/?s={search_term_string}"},"query-input":"required name=search_term_string"}],"inLanguage":"en-CA"},{"@type":"Organization","@id":"https:\/\/elisebernier.ca\/#organization","name":"Centre de chirurgie et de m\u00e9decine esth\u00e9tique Dre \u00c9lise Bernier","url":"https:\/\/elisebernier.ca\/","sameAs":["https:\/\/www.instagram.com\/dreelisebernier\/","https:\/\/www.linkedin.com\/company\/centre-de-chirurgie-et-de-m\u00e9decine-esth\u00e9tique-dre-\u00e9lise-bernier","https:\/\/www.youtube.com\/user\/docteureelisebernier","https:\/\/www.facebook.com\/drelisebernier"],"logo":{"@type":"ImageObject","inLanguage":"en-CA","@id":"https:\/\/elisebernier.ca\/#\/schema\/logo\/image\/","url":"https:\/\/elisebernier.ca\/wp-content\/uploads\/2018\/07\/Logo.jpg","contentUrl":"https:\/\/elisebernier.ca\/wp-content\/uploads\/2018\/07\/Logo.jpg","width":900,"height":900,"caption":"Centre de chirurgie et de m\u00e9decine esth\u00e9tique Dre \u00c9lise Bernier"},"image":{"@id":"https:\/\/elisebernier.ca\/#\/schema\/logo\/image\/"}}]}},"_links":{"self":[{"href":"https:\/\/elisebernier.ca\/en\/wp-json\/wp\/v2\/pages\/4479"}],"collection":[{"href":"https:\/\/elisebernier.ca\/en\/wp-json\/wp\/v2\/pages"}],"about":[{"href":"https:\/\/elisebernier.ca\/en\/wp-json\/wp\/v2\/types\/page"}],"author":[{"embeddable":true,"href":"https:\/\/elisebernier.ca\/en\/wp-json\/wp\/v2\/users\/7"}],"replies":[{"embeddable":true,"href":"https:\/\/elisebernier.ca\/en\/wp-json\/wp\/v2\/comments?post=4479"}],"version-history":[{"count":7,"href":"https:\/\/elisebernier.ca\/en\/wp-json\/wp\/v2\/pages\/4479\/revisions"}],"predecessor-version":[{"id":5151,"href":"https:\/\/elisebernier.ca\/en\/wp-json\/wp\/v2\/pages\/4479\/revisions\/5151"}],"wp:featuredmedia":[{"embeddable":true,"href":"https:\/\/elisebernier.ca\/en\/wp-json\/wp\/v2\/media\/1193"}],"wp:attachment":[{"href":"https:\/\/elisebernier.ca\/en\/wp-json\/wp\/v2\/media?parent=4479"}],"curies":[{"name":"wp","href":"https:\/\/api.w.org\/{rel}","templated":true}]}}