{"id":576,"date":"2014-04-11T21:32:49","date_gmt":"2014-04-12T01:32:49","guid":{"rendered":"https:\/\/elisebernier.ca\/?page_id=576"},"modified":"2022-06-09T21:56:49","modified_gmt":"2022-06-10T01:56:49","slug":"our-surgeries","status":"publish","type":"page","link":"https:\/\/elisebernier.ca\/en\/our-surgeries\/","title":{"rendered":"SURGERIES"},"content":{"rendered":"","protected":false},"excerpt":{"rendered":"","protected":false},"author":7,"featured_media":0,"parent":0,"menu_order":4,"comment_status":"open","ping_status":"open","template":"","meta":{"_et_pb_use_builder":"on","_et_pb_old_content":"","_et_gb_content_width":""},"yoast_head":"<!-- This site is optimized with the Yoast SEO plugin v19.6.1 - https:\/\/yoast.com\/wordpress\/plugins\/seo\/ -->\n<title>SURGERIES - Dr. Elise Bernier<\/title>\n<meta name=\"robots\" content=\"index, follow, max-snippet:-1, max-image-preview:large, max-video-preview:-1\" \/>\n<link rel=\"canonical\" href=\"https:\/\/elisebernier.ca\/en\/our-surgeries\/\" \/>\n<meta property=\"og:locale\" content=\"en_US\" \/>\n<meta property=\"og:type\" content=\"article\" \/>\n<meta property=\"og:title\" content=\"SURGERIES - Dr. Elise Bernier\" \/>\n<meta property=\"og:url\" content=\"https:\/\/elisebernier.ca\/en\/our-surgeries\/\" \/>\n<meta property=\"og:site_name\" content=\"Dr. Elise Bernier\" \/>\n<meta property=\"article:publisher\" content=\"https:\/\/www.facebook.com\/drelisebernier\" \/>\n<meta property=\"article:modified_time\" content=\"2022-06-10T01:56:49+00:00\" \/>\n<script type=\"application\/ld+json\" class=\"yoast-schema-graph\">{\"@context\":\"https:\/\/schema.org\",\"@graph\":[{\"@type\":\"WebPage\",\"@id\":\"https:\/\/elisebernier.ca\/en\/our-surgeries\/\",\"url\":\"https:\/\/elisebernier.ca\/en\/our-surgeries\/\",\"name\":\"SURGERIES - Dr. Elise Bernier\",\"isPartOf\":{\"@id\":\"https:\/\/elisebernier.ca\/#website\"},\"datePublished\":\"2014-04-12T01:32:49+00:00\",\"dateModified\":\"2022-06-10T01:56:49+00:00\",\"breadcrumb\":{\"@id\":\"https:\/\/elisebernier.ca\/en\/our-surgeries\/#breadcrumb\"},\"inLanguage\":\"en-CA\",\"potentialAction\":[{\"@type\":\"ReadAction\",\"target\":[\"https:\/\/elisebernier.ca\/en\/our-surgeries\/\"]}]},{\"@type\":\"BreadcrumbList\",\"@id\":\"https:\/\/elisebernier.ca\/en\/our-surgeries\/#breadcrumb\",\"itemListElement\":[{\"@type\":\"ListItem\",\"position\":1,\"name\":\"Home\",\"item\":\"https:\/\/elisebernier.ca\/en\/\"},{\"@type\":\"ListItem\",\"position\":2,\"name\":\"SURGERIES\"}]},{\"@type\":\"WebSite\",\"@id\":\"https:\/\/elisebernier.ca\/#website\",\"url\":\"https:\/\/elisebernier.ca\/\",\"name\":\"Dr. Elise Bernier\",\"description\":\"Centre de chirurgie et de m\u00e9decine esth\u00e9tique Dr. Elise Bernier\",\"publisher\":{\"@id\":\"https:\/\/elisebernier.ca\/#organization\"},\"potentialAction\":[{\"@type\":\"SearchAction\",\"target\":{\"@type\":\"EntryPoint\",\"urlTemplate\":\"https:\/\/elisebernier.ca\/?s={search_term_string}\"},\"query-input\":\"required name=search_term_string\"}],\"inLanguage\":\"en-CA\"},{\"@type\":\"Organization\",\"@id\":\"https:\/\/elisebernier.ca\/#organization\",\"name\":\"Centre de chirurgie et de m\u00e9decine esth\u00e9tique Dre \u00c9lise Bernier\",\"url\":\"https:\/\/elisebernier.ca\/\",\"sameAs\":[\"https:\/\/www.instagram.com\/dreelisebernier\/\",\"https:\/\/www.linkedin.com\/company\/centre-de-chirurgie-et-de-m\u00e9decine-esth\u00e9tique-dre-\u00e9lise-bernier\",\"https:\/\/www.youtube.com\/user\/docteureelisebernier\",\"https:\/\/www.facebook.com\/drelisebernier\"],\"logo\":{\"@type\":\"ImageObject\",\"inLanguage\":\"en-CA\",\"@id\":\"https:\/\/elisebernier.ca\/#\/schema\/logo\/image\/\",\"url\":\"https:\/\/elisebernier.ca\/wp-content\/uploads\/2018\/07\/Logo.jpg\",\"contentUrl\":\"https:\/\/elisebernier.ca\/wp-content\/uploads\/2018\/07\/Logo.jpg\",\"width\":900,\"height\":900,\"caption\":\"Centre de chirurgie et de m\u00e9decine esth\u00e9tique Dre \u00c9lise Bernier\"},\"image\":{\"@id\":\"https:\/\/elisebernier.ca\/#\/schema\/logo\/image\/\"}}]}<\/script>\n<!-- \/ Yoast SEO plugin. -->","yoast_head_json":{"title":"SURGERIES - Dr. Elise Bernier","robots":{"index":"index","follow":"follow","max-snippet":"max-snippet:-1","max-image-preview":"max-image-preview:large","max-video-preview":"max-video-preview:-1"},"canonical":"https:\/\/elisebernier.ca\/en\/our-surgeries\/","og_locale":"en_US","og_type":"article","og_title":"SURGERIES - Dr. Elise Bernier","og_url":"https:\/\/elisebernier.ca\/en\/our-surgeries\/","og_site_name":"Dr. Elise Bernier","article_publisher":"https:\/\/www.facebook.com\/drelisebernier","article_modified_time":"2022-06-10T01:56:49+00:00","schema":{"@context":"https:\/\/schema.org","@graph":[{"@type":"WebPage","@id":"https:\/\/elisebernier.ca\/en\/our-surgeries\/","url":"https:\/\/elisebernier.ca\/en\/our-surgeries\/","name":"SURGERIES - Dr. Elise Bernier","isPartOf":{"@id":"https:\/\/elisebernier.ca\/#website"},"datePublished":"2014-04-12T01:32:49+00:00","dateModified":"2022-06-10T01:56:49+00:00","breadcrumb":{"@id":"https:\/\/elisebernier.ca\/en\/our-surgeries\/#breadcrumb"},"inLanguage":"en-CA","potentialAction":[{"@type":"ReadAction","target":["https:\/\/elisebernier.ca\/en\/our-surgeries\/"]}]},{"@type":"BreadcrumbList","@id":"https:\/\/elisebernier.ca\/en\/our-surgeries\/#breadcrumb","itemListElement":[{"@type":"ListItem","position":1,"name":"Home","item":"https:\/\/elisebernier.ca\/en\/"},{"@type":"ListItem","position":2,"name":"SURGERIES"}]},{"@type":"WebSite","@id":"https:\/\/elisebernier.ca\/#website","url":"https:\/\/elisebernier.ca\/","name":"Dr. Elise Bernier","description":"Centre de chirurgie et de m\u00e9decine esth\u00e9tique Dr. Elise Bernier","publisher":{"@id":"https:\/\/elisebernier.ca\/#organization"},"potentialAction":[{"@type":"SearchAction","target":{"@type":"EntryPoint","urlTemplate":"https:\/\/elisebernier.ca\/?s={search_term_string}"},"query-input":"required name=search_term_string"}],"inLanguage":"en-CA"},{"@type":"Organization","@id":"https:\/\/elisebernier.ca\/#organization","name":"Centre de chirurgie et de m\u00e9decine esth\u00e9tique Dre \u00c9lise Bernier","url":"https:\/\/elisebernier.ca\/","sameAs":["https:\/\/www.instagram.com\/dreelisebernier\/","https:\/\/www.linkedin.com\/company\/centre-de-chirurgie-et-de-m\u00e9decine-esth\u00e9tique-dre-\u00e9lise-bernier","https:\/\/www.youtube.com\/user\/docteureelisebernier","https:\/\/www.facebook.com\/drelisebernier"],"logo":{"@type":"ImageObject","inLanguage":"en-CA","@id":"https:\/\/elisebernier.ca\/#\/schema\/logo\/image\/","url":"https:\/\/elisebernier.ca\/wp-content\/uploads\/2018\/07\/Logo.jpg","contentUrl":"https:\/\/elisebernier.ca\/wp-content\/uploads\/2018\/07\/Logo.jpg","width":900,"height":900,"caption":"Centre de chirurgie et de m\u00e9decine esth\u00e9tique Dre \u00c9lise Bernier"},"image":{"@id":"https:\/\/elisebernier.ca\/#\/schema\/logo\/image\/"}}]}},"_links":{"self":[{"href":"https:\/\/elisebernier.ca\/en\/wp-json\/wp\/v2\/pages\/576"}],"collection":[{"href":"https:\/\/elisebernier.ca\/en\/wp-json\/wp\/v2\/pages"}],"about":[{"href":"https:\/\/elisebernier.ca\/en\/wp-json\/wp\/v2\/types\/page"}],"author":[{"embeddable":true,"href":"https:\/\/elisebernier.ca\/en\/wp-json\/wp\/v2\/users\/7"}],"replies":[{"embeddable":true,"href":"https:\/\/elisebernier.ca\/en\/wp-json\/wp\/v2\/comments?post=576"}],"version-history":[{"count":1,"href":"https:\/\/elisebernier.ca\/en\/wp-json\/wp\/v2\/pages\/576\/revisions"}],"predecessor-version":[{"id":2586,"href":"https:\/\/elisebernier.ca\/en\/wp-json\/wp\/v2\/pages\/576\/revisions\/2586"}],"wp:attachment":[{"href":"https:\/\/elisebernier.ca\/en\/wp-json\/wp\/v2\/media?parent=576"}],"curies":[{"name":"wp","href":"https:\/\/api.w.org\/{rel}","templated":true}]}}